{"id":30,"date":"2024-09-04T13:53:36","date_gmt":"2024-09-04T13:53:36","guid":{"rendered":"http:\/\/hubexo.8a\/?page_id=30"},"modified":"2025-04-24T10:23:49","modified_gmt":"2025-04-24T09:23:49","slug":"vilkar-og-betingelser","status":"publish","type":"page","link":"https:\/\/nee.hubexo.com\/no\/terms-and-conditions\/","title":{"rendered":"Vilk\u00e5r og betingelser"},"content":{"rendered":"<p>Sist oppdatert: Mars 2025<\/p>\n\n\n\n<p><strong>1. Introduksjon<\/strong><\/p>\n\n\n\n<p>a. Denne nettsiden (\"Nettsiden\") drives av Hubexo.com (\"Selskapet\", \"vi\", \"oss\" eller \"v\u00e5r\"). Nettsiden (nee.hubexo.com) er en regional versjon av Hubexo.com, spesifikt utviklet for innbyggere i EU.<\/p>\n\n\n\n<p>b. Vennligst les disse vilk\u00e5rene og betingelsene (\"Vilk\u00e5rene\") n\u00f8ye f\u00f8r du bruker Nettsiden. Ved \u00e5 f\u00e5 tilgang til noen del av Nettsiden, anses du for \u00e5 ha akseptert disse Vilk\u00e5rene i sin helhet, uavhengig av om du er abonnent p\u00e5 v\u00e5rt innhold eller ikke. Hvis du ikke godtar disse Vilk\u00e5rene, m\u00e5 du umiddelbart forlate Nettsiden.<\/p>\n\n\n\n<p>c. Vi kan endre disse Vilk\u00e5rene n\u00e5r som helst ved \u00e5 legge ut en oppdatert versjon p\u00e5 Nettsiden. Din fortsatte bruk av Nettsiden etter en slik endring utgj\u00f8r din aksept av de nye Vilk\u00e5rene, og de vil v\u00e6re bindende for deg. Du b\u00f8r derfor sjekke Nettsiden jevnlig for \u00e5 holde deg oppdatert p\u00e5 gjeldende Vilk\u00e5r.<\/p>\n\n\n\n<p><strong>2. Begrenset innhold<\/strong><\/p>\n\n\n\n<p>a. Tilgang til store deler av Nettsiden er forbeholdt v\u00e5re kunder. For \u00e5 kj\u00f8pe tilgang til v\u00e5re produkter eller tjenester, vennligst kontakt oss via v\u00e5r kontaktside eller p\u00e5 <a href=\"mailto:info@nee.hubexo.com\">info@nee.hubexo.com<\/a>.<\/p>\n\n\n\n<p>b. Du erkjenner at v\u00e5re generelle forretningsvilk\u00e5r gjelder for tilgang til v\u00e5re produkter og tjenester. Hvis det er en konflikt mellom de generelle forretningsvilk\u00e5rene og disse bruksvilk\u00e5rene, skal de generelle forretningsvilk\u00e5rene ha forrang hvis de gjelder for deg.<\/p>\n\n\n\n<p><strong>3. Bruk av Nettsiden<\/strong><\/p>\n\n\n\n<p>a. Du kan bruke Nettsiden til dine egne personlige og legitime forretningsform\u00e5l.<\/p>\n\n\n\n<p>b. Du m\u00e5 ikke:\ni. Fors\u00f8ke \u00e5 f\u00e5 uautorisert tilgang til Nettsiden eller noen nettverk, servere eller datasystemer tilkoblet Nettsiden.\nii. Bruke Nettsiden p\u00e5 en m\u00e5te som kan skade, deaktivere, overbelaste eller svekke v\u00e5re servere eller nettverk, eller forstyrre andre brukeres tilgang til og glede av Nettsiden.\niii. Kopiere, reprodusere, redistribuere, selge, lage avledede verk av, dekompilere, omvendt utvikle eller demontere hele eller deler av Nettsiden, med mindre det er uttrykkelig tillatt ved lov.\niv. Bruke Nettsiden til \u00e5 tilby tjenester til tredjeparter uten v\u00e5r uttrykkelige skriftlige tillatelse.<\/p>\n\n\n\n<p><strong>4. Bruk av Nettsidens innhold<\/strong><\/p>\n\n\n\n<p>a. Alle immaterielle rettigheter til innholdet p\u00e5 Nettsiden og eventuelt annet relatert materiale levert av oss (\"Materialet\") tilh\u00f8rer oss eller v\u00e5re lisensgivere eller brukere.<\/p>\n\n\n\n<p>b. Du godtar at du, ved bruk av Materialet, skal:\ni. Kun bruke det i henhold til tillatte form\u00e5l.\nii. Vise det p\u00e5 en skjerm og skrive ut maksimalt \u00e9n kopi.\niii. Kun laste ned og lagre innhold dersom det er spesifikt tillatt.\niv. Ikke lage en database som inkluderer Materialet.\nv. Ikke fjerne opphavsretts- eller varemerkeinformasjon fra Materialet.\nvi. Ikke bruke Materialet til kommersielle form\u00e5l uten v\u00e5r skriftlige samtykke.<\/p>\n\n\n\n<p><strong>5. Ansvarsfraskrivelse<\/strong><\/p>\n\n\n\n<p>a. Selv om vi bestreber oss p\u00e5 \u00e5 sikre at nettstedet normalt er tilgjengelig 24 timer i d\u00f8gnet, er vi ikke ansvarlige dersom nettstedet av en eller annen grunn ikke er tilgjengelig n\u00e5r som helst eller i en hvilken som helst periode. Tilgang til nettstedet kan midlertidig og uten varsel bli suspendert i tilfelle systemfeil, vedlikehold eller reparasjon eller av andre rimelige \u00e5rsaker.<\/p>\n\n\n\n<p>b. Du erkjenner at selv om vi bestreber oss p\u00e5 \u00e5 sikre at Materialet er n\u00f8yaktig og fullstendig, er det kun ment som generell informasjon, er ikke ment \u00e5 dekke dine spesielle behov og utgj\u00f8r ikke noen form for r\u00e5dgivning eller anbefaling fra v\u00e5r side. Du erkjenner at du ikke skal basere deg p\u00e5 Materialet n\u00e5r du skal foreta (eller avst\u00e5 fra \u00e5 foreta) spesifikke investeringer eller andre forretningsmessige eller personlige beslutninger, og du erkjenner at du b\u00f8r innhente profesjonell r\u00e5dgivning f\u00f8r du tar slike beslutninger. Til slutt erkjenner du at noe av innholdet kan v\u00e6re levert av tredjeparter, og at n\u00f8yaktigheten og fullstendigheten av det ikke har blitt kontrollert av oss.<\/p>\n\n\n\n<p>c. Vi vil gj\u00f8re v\u00e5rt ytterste for \u00e5 sikre at Nettsiden og Materialet ikke inneholder eller sprer virus eller annen ondsinnet kode. Det anbefales imidlertid at du virussjekker alt slikt materiale og regelmessig sjekker om det finnes virus og annen skadelig kode.<\/p>\n\n\n\n<p><strong>6. Lenker til og fra andre nettsteder<\/strong><\/p>\n\n\n\n<p>a. Lenker p\u00e5 Nettsiden til tredjeparts nettsteder er kun tilgjengelig for din bekvemmelighet. Hvis du bruker disse lenkene, forlater du nettstedet. Vi har ikke gjennomg\u00e5tt disse tredjepartsnettstedene og kontrollerer ikke og er ikke ansvarlig for disse nettstedene eller deres innhold eller tilgjengelighet. Vi gir derfor ingen st\u00f8tte til eller uttalelser om dem, eller noe materiale som finnes p\u00e5 dem, eller noen resultater som kan oppn\u00e5s ved \u00e5 bruke dem. Hvis du velger \u00e5 g\u00e5 inn p\u00e5 noen av tredjepartsnettstedene som er knyttet til nettstedet, gj\u00f8r du det helt og holdent p\u00e5 egen risiko.<\/p>\n\n\n\n<p>b. Du kan lenke til hjemmesiden p\u00e5 Nettsiden, men kun under forutsetning av at du ikke kopierer hjemmesiden p\u00e5 Nettsiden, og p\u00e5 f\u00f8lgende vilk\u00e5r: i. Du oppretter ikke en ramme eller noe annet nettleser- eller rammemilj\u00f8 rundt nettstedet. ii. Du gir ikke p\u00e5 noen m\u00e5te inntrykk av at du er godkjent av oss p\u00e5 noen annen m\u00e5te enn med v\u00e5rt skriftlige samtykke, og du gir ikke en uriktig fremstilling av ditt forhold til oss. iii. Du bruker ikke logoer eller varemerker som vises p\u00e5 Nettsiden uten v\u00e5r uttrykkelige skriftlige tillatelse; iv. Du lenker ikke fra et nettsted som ikke eies av deg; og v. Nettstedet ditt inneholder ikke innhold som er usmakelig, st\u00f8tende eller kontroversielt, som krenker immaterielle rettigheter eller andre rettigheter som tilh\u00f8rer andre personer, eller som p\u00e5 annen m\u00e5te ikke er i samsvar med alle gjeldende lover og forskrifter.<\/p>\n\n\n\n<p>Du kan bare lenke til andre sider p\u00e5 Nettsiden med v\u00e5rt skriftlige forh\u00e5ndssamtykke og alltid med forbehold om forpliktelsene som er beskrevet ovenfor.<\/p>\n\n\n\n<p><strong>7. Varemerker<\/strong><\/p>\n\n\n\n<p>a. Alle v\u00e5re varemerker (enten de er registrerte eller uregistrerte) og grafikk, logoer, design, sideoverskrifter og knappeikoner er v\u00e5re immaterielle rettigheter, og verken de eller noen til forveksling liknende versjoner kan brukes av deg, inkludert (men ikke begrenset til) som en del av varemerker og\/eller domenenavn, uten v\u00e5rt skriftlige forh\u00e5ndssamtykke, annet enn for \u00e5 henvise til oss og v\u00e5re tilknyttede varemerker p\u00e5 lovlig vis og i god tro (kun).<\/p>\n\n\n\n<p><strong>8. Suspensjon av tilgang til Nettsiden og brukeransvar<\/strong><\/p>\n\n\n\n<p>a. Hvis vi av en eller annen grunn mener at du ikke har overholdt noen av disse vilk\u00e5rene og betingelsene, kan vi, etter eget skj\u00f8nn, avbryte din tilgang til registreringsdelene p\u00e5 nettstedet umiddelbart og uten \u00e5 gi deg noe forh\u00e5ndsvarsel.<\/p>\n\n\n\n<p>b. Uten at det ber\u00f8rer bestemmelsene i punkt 8a, samtykker du i \u00e5 kompensere oss for eventuelle krav, tap, utgifter og\/eller forpliktelser (inkludert advokatsal\u00e6r) som oppst\u00e5r som f\u00f8lge av din bruk av Nettsiden og\/eller Materialet (eller av en tredjepart som bruker ditt brukernavn og passord), herunder s\u00e6rlig (men ikke begrenset til) eventuelle uttalelser, bidrag eller annet innhold som er lagt ut p\u00e5 nettstedet eller brudd p\u00e5 punkt 3b.<\/p>\n\n\n\n<p><strong>9. Ansvarsbegrensning<\/strong><\/p>\n\n\n\n<p>a. Vi vil ikke v\u00e6re ansvarlige overfor deg for tap eller skade for\u00e5rsaket av oss eller v\u00e5re ansatte eller underleverand\u00f8rer under omstendigheter der: i. Det ikke foreligger brudd p\u00e5 en juridisk aktsomhetsplikt som vi (eller v\u00e5re ansatte eller underleverand\u00f8rer) har overfor deg; eller ii. Slikt tap eller skade ikke er et rimelig forutsigbart resultat av et slikt brudd; eller iii. Med hensyn til enhver \u00f8kning i tapet eller skaden som f\u00f8lge av dine handlinger.<\/p>\n\n\n\n<p>b. Uten at det ber\u00f8rer punkt 9a, men med forbehold om punkt 9c, skal ethvert ansvar som oppst\u00e5r i forbindelse med din bruk av Nettsiden og\/eller Materialet (enten det er erstatningsrettslig, kontraktsmessig eller p\u00e5 annen m\u00e5te) v\u00e6re begrenset til totalt hundre euro (\u20ac 100) per hendelse, med mindre annet er skriftlig avtalt mellom oss.<\/p>\n\n\n\n<p>c. Ingenting i disse vilk\u00e5rene og betingelsene skal utelukke eller begrense v\u00e5rt ansvar for: i. D\u00f8dsfall eller personskade for\u00e5rsaket av uaktsomhet fra oss og\/eller v\u00e5re ansatte; ii. Bedrageri eller uredelig feilaktig fremstilling av oss og\/eller v\u00e5re ansatte; iii. Ethvert ansvar som ikke kan utelukkes eller begrenses ved lov.<\/p>\n\n\n\n<p><strong>10. Bruk av dine personopplysninger<\/strong><\/p>\n\n\n\n<p>a. Vi vil kun bruke personopplysningene dine som beskrevet i personvernerkl\u00e6ringen v\u00e5r, som er i samsvar med EUs personvernforordning (GDPR) og andre gjeldende EU-lover om databeskyttelse.<\/p>\n\n\n\n<p><strong>11. Gjeldende lov og jurisdiksjon<\/strong><\/p>\n\n\n\n<p>a. For forbrukere i EU: Disse vilk\u00e5rene og betingelsene skal reguleres av lovene i det medlemslandet der du er bosatt, og du kan bringe saken inn for lokale domstoler. Som forbruker vil du v\u00e6re omfattet av alle ufravikelige bestemmelser i lovgivningen i det landet der du er bosatt.<\/p>\n\n\n\n<p>b. For forretningsbrukere: Disse vilk\u00e5rene og betingelsene skal styres av lovene i jurisdiksjonen der Hubexo.com er registrert, og domstolene i denne jurisdiksjonen skal ha eksklusiv jurisdiksjon.<\/p>\n\n\n\n<p><strong>12. Generelle bestemmelser<\/strong><\/p>\n\n\n\n<p>a. Dersom noen bestemmelse i disse Vilk\u00e5rene anses \u00e5 v\u00e6re ugyldig eller ikke kan h\u00e5ndheves, skal resten av disse Vilk\u00e5rene fortsatt v\u00e6re gyldige og kunne h\u00e5ndheves.<\/p>\n\n\n\n<p>b. Disse vilk\u00e5rene og betingelsene utgj\u00f8r hele avtalen mellom deg og oss i forbindelse med din bruk av Nettsiden.<\/p>\n\n\n\n<p>c. Hvis du har sp\u00f8rsm\u00e5l om disse vilk\u00e5rene og betingelsene eller nettstedet, kan du kontakte oss p\u00e5 <a href=\"mailto:info@nee.hubexo.com\">info@nee.hubexo.com<\/a> eller gjennom v\u00e5rt morselskap p\u00e5 <a href=\"mailto:info@hubexo.com\">info@hubexo.com<\/a>.<\/p>","protected":false},"excerpt":{"rendered":"<p>Last updated: March 2025 1. Introduction a. This website (the &#8220;Website&#8221;) is operated by Hubexo.com (the &#8220;Company&#8221;, &#8220;we&#8221;, &#8220;us&#8221;, or &#8220;our&#8221;). The Website (nee.hubexo.com) is a regional version of Hubexo.com, designed specifically for EU residents. b. Please read these Terms &amp; Conditions carefully before using the Website. By accessing any part of the Website, you [&hellip;]<\/p>\n","protected":false},"author":1,"featured_media":0,"parent":0,"menu_order":0,"comment_status":"closed","ping_status":"closed","template":"template-single-column.php","meta":{"_acf_changed":false,"footnotes":""},"class_list":["post-30","page","type-page","status-publish","hentry"],"acf":[],"yoast_head":"<!-- This site is optimized with the Yoast SEO plugin v27.5 - https:\/\/yoast.com\/product\/yoast-seo-wordpress\/ -->\n<title>Terms and conditions | Hubexo North East Europe<\/title>\n<meta name=\"description\" content=\"Terms and conditions of this website.\" \/>\n<meta name=\"robots\" content=\"index, follow, max-snippet:-1, max-image-preview:large, max-video-preview:-1\" \/>\n<link rel=\"canonical\" href=\"https:\/\/nee.hubexo.com\/no\/vilkar-og-betingelser\/\" \/>\n<meta property=\"og:locale\" content=\"nb_NO\" \/>\n<meta property=\"og:type\" content=\"article\" \/>\n<meta property=\"og:title\" content=\"Terms and conditions | Hubexo North East Europe\" \/>\n<meta property=\"og:description\" content=\"Terms and conditions of this website.\" \/>\n<meta property=\"og:url\" content=\"https:\/\/nee.hubexo.com\/no\/vilkar-og-betingelser\/\" \/>\n<meta property=\"og:site_name\" content=\"Hubexo North East Europe\" \/>\n<meta property=\"article:modified_time\" content=\"2025-04-24T09:23:49+00:00\" \/>\n<meta property=\"og:image\" content=\"https:\/\/nee.hubexo.com\/wp-content\/uploads\/2024\/10\/Blog-brandlaunch-scaled.jpg\" \/>\n\t<meta property=\"og:image:width\" content=\"2560\" \/>\n\t<meta property=\"og:image:height\" content=\"1451\" \/>\n\t<meta property=\"og:image:type\" content=\"image\/jpeg\" \/>\n<meta name=\"twitter:card\" content=\"summary_large_image\" \/>\n<meta name=\"twitter:label1\" content=\"Ansl. lesetid\" \/>\n\t<meta name=\"twitter:data1\" content=\"9 minutter\" \/>\n<script type=\"application\/ld+json\" class=\"yoast-schema-graph\">{\"@context\":\"https:\\\/\\\/schema.org\",\"@graph\":[{\"@type\":\"WebPage\",\"@id\":\"https:\\\/\\\/nee.hubexo.com\\\/terms-and-conditions\\\/\",\"url\":\"https:\\\/\\\/nee.hubexo.com\\\/terms-and-conditions\\\/\",\"name\":\"Terms and conditions | Hubexo North East Europe\",\"isPartOf\":{\"@id\":\"https:\\\/\\\/nee.hubexo.com\\\/#website\"},\"datePublished\":\"2024-09-04T13:53:36+00:00\",\"dateModified\":\"2025-04-24T09:23:49+00:00\",\"description\":\"Terms and conditions of this website.\",\"breadcrumb\":{\"@id\":\"https:\\\/\\\/nee.hubexo.com\\\/terms-and-conditions\\\/#breadcrumb\"},\"inLanguage\":\"nb-NO\",\"potentialAction\":[{\"@type\":\"ReadAction\",\"target\":[\"https:\\\/\\\/nee.hubexo.com\\\/terms-and-conditions\\\/\"]}]},{\"@type\":\"BreadcrumbList\",\"@id\":\"https:\\\/\\\/nee.hubexo.com\\\/terms-and-conditions\\\/#breadcrumb\",\"itemListElement\":[{\"@type\":\"ListItem\",\"position\":1,\"name\":\"Home\",\"item\":\"https:\\\/\\\/nee.hubexo.com\\\/\"},{\"@type\":\"ListItem\",\"position\":2,\"name\":\"Terms and conditions\"}]},{\"@type\":\"WebSite\",\"@id\":\"https:\\\/\\\/nee.hubexo.com\\\/#website\",\"url\":\"https:\\\/\\\/nee.hubexo.com\\\/\",\"name\":\"Hubexo North East Europe\",\"description\":\"\",\"alternateName\":\"Hubexo North East Europe\",\"potentialAction\":[{\"@type\":\"SearchAction\",\"target\":{\"@type\":\"EntryPoint\",\"urlTemplate\":\"https:\\\/\\\/nee.hubexo.com\\\/?s={search_term_string}\"},\"query-input\":{\"@type\":\"PropertyValueSpecification\",\"valueRequired\":true,\"valueName\":\"search_term_string\"}}],\"inLanguage\":\"nb-NO\"}]}<\/script>\n<!-- \/ Yoast SEO plugin. -->","yoast_head_json":{"title":"Terms and conditions | Hubexo North East Europe","description":"Terms and conditions of this website.","robots":{"index":"index","follow":"follow","max-snippet":"max-snippet:-1","max-image-preview":"max-image-preview:large","max-video-preview":"max-video-preview:-1"},"canonical":"https:\/\/nee.hubexo.com\/no\/vilkar-og-betingelser\/","og_locale":"nb_NO","og_type":"article","og_title":"Terms and conditions | Hubexo North East Europe","og_description":"Terms and conditions of this website.","og_url":"https:\/\/nee.hubexo.com\/no\/vilkar-og-betingelser\/","og_site_name":"Hubexo North East Europe","article_modified_time":"2025-04-24T09:23:49+00:00","og_image":[{"width":2560,"height":1451,"url":"https:\/\/nee.hubexo.com\/wp-content\/uploads\/2024\/10\/Blog-brandlaunch-scaled.jpg","type":"image\/jpeg"}],"twitter_card":"summary_large_image","twitter_misc":{"Ansl. lesetid":"9 minutter"},"schema":{"@context":"https:\/\/schema.org","@graph":[{"@type":"WebPage","@id":"https:\/\/nee.hubexo.com\/terms-and-conditions\/","url":"https:\/\/nee.hubexo.com\/terms-and-conditions\/","name":"Terms and conditions | Hubexo North East Europe","isPartOf":{"@id":"https:\/\/nee.hubexo.com\/#website"},"datePublished":"2024-09-04T13:53:36+00:00","dateModified":"2025-04-24T09:23:49+00:00","description":"Terms and conditions of this website.","breadcrumb":{"@id":"https:\/\/nee.hubexo.com\/terms-and-conditions\/#breadcrumb"},"inLanguage":"nb-NO","potentialAction":[{"@type":"ReadAction","target":["https:\/\/nee.hubexo.com\/terms-and-conditions\/"]}]},{"@type":"BreadcrumbList","@id":"https:\/\/nee.hubexo.com\/terms-and-conditions\/#breadcrumb","itemListElement":[{"@type":"ListItem","position":1,"name":"Home","item":"https:\/\/nee.hubexo.com\/"},{"@type":"ListItem","position":2,"name":"Terms and conditions"}]},{"@type":"WebSite","@id":"https:\/\/nee.hubexo.com\/#website","url":"https:\/\/nee.hubexo.com\/","name":"Hubexo Nord\u00f8st-Europa","description":"","alternateName":"Hubexo North East Europe","potentialAction":[{"@type":"SearchAction","target":{"@type":"EntryPoint","urlTemplate":"https:\/\/nee.hubexo.com\/?s={search_term_string}"},"query-input":{"@type":"PropertyValueSpecification","valueRequired":true,"valueName":"search_term_string"}}],"inLanguage":"nb-NO"}]}},"featured_image_src":null,"featured_image_src_square":null,"_links":{"self":[{"href":"https:\/\/nee.hubexo.com\/no\/wp-json\/wp\/v2\/pages\/30","targetHints":{"allow":["GET"]}}],"collection":[{"href":"https:\/\/nee.hubexo.com\/no\/wp-json\/wp\/v2\/pages"}],"about":[{"href":"https:\/\/nee.hubexo.com\/no\/wp-json\/wp\/v2\/types\/page"}],"author":[{"embeddable":true,"href":"https:\/\/nee.hubexo.com\/no\/wp-json\/wp\/v2\/users\/1"}],"replies":[{"embeddable":true,"href":"https:\/\/nee.hubexo.com\/no\/wp-json\/wp\/v2\/comments?post=30"}],"version-history":[{"count":0,"href":"https:\/\/nee.hubexo.com\/no\/wp-json\/wp\/v2\/pages\/30\/revisions"}],"wp:attachment":[{"href":"https:\/\/nee.hubexo.com\/no\/wp-json\/wp\/v2\/media?parent=30"}],"curies":[{"name":"wp","href":"https:\/\/api.w.org\/{rel}","templated":true}]}}